{"id":35,"date":"2024-05-05T07:44:15","date_gmt":"2024-05-05T13:44:15","guid":{"rendered":"http:\/\/localhost\/wordpress\/?page_id=35"},"modified":"2024-05-05T08:42:51","modified_gmt":"2024-05-05T14:42:51","slug":"reembolso_devoluciones","status":"publish","type":"page","link":"https:\/\/rapidshopp.com\/rapidshopp1\/reembolso_devoluciones\/","title":{"rendered":"Rapidshopp, pol\u00edtica de devoluciones y reembolsos"},"content":{"rendered":"\n<p>\u00a1Gracias por comprar en rapidshopp!<\/p>\n\n\n\n<p>Ofrecemos reembolso y\/o cambio dentro de los primeros 5 d\u00edas de haberse completado tu compr\u00e1. Si han transcurrido m\u00e1s de 5 d\u00edas desde tu compra, no se te ofrecer\u00e1 un reembolso y\/o cambio de ning\u00fan tipo.<\/p>\n\n\n\n<p><strong>Elegibilidad para reembolsos y cambios<\/strong><\/p>\n\n\n\n<ul class=\"wp-block-list\">\n<li>Tu art\u00edculo debe estar sin usar y en las mismas condiciones en que lo recibi\u00f3.<\/li>\n\n\n\n<li>El art\u00edculo debe estar en el embalaje original.<\/li>\n\n\n\n<li>Para completar tu devoluci\u00f3n, requerimos del recibo o comprobante de compra.<\/li>\n\n\n\n<li>Si el art\u00edculo en cuesti\u00f3n fue marcado como un regalo cuando fue comprado y se envi\u00f3 directamente a ti, recibir\u00e1s un cr\u00e9dito de regalo por el valor de tu devoluci\u00f3n.<\/li>\n<\/ul>\n\n\n\n<p><strong>Cambios<\/strong>&nbsp;<em>(si es aplicable)<\/em><\/p>\n\n\n\n<p>Solo reemplazamos los art\u00edculos si est\u00e1n defectuosos o da\u00f1ados. Si necesitas cambiarlo por el mismo art\u00edculo, env\u00edanos un email al email: missael@rapidshopp.com y env\u00eda tu art\u00edculo donde se te indique.<\/p>\n\n\n\n<p><strong>Bienes Exentos<\/strong><\/p>\n\n\n\n<p>Los siguientes bienes o servicios est\u00e1n exentos de reembolsos:<\/p>\n\n\n\n<ul class=\"wp-block-list\">\n<li>Tarjetas de regalo (gif cards).<\/li>\n\n\n\n<li>Algunos art\u00edculos de salud y cuidado personal<\/li>\n\n\n\n<li>Costos de delivery.<\/li>\n<\/ul>\n\n\n\n<p><strong>Partial refunds are granted<\/strong>&nbsp;<em>(si es aplicable)<\/em><\/p>\n\n\n\n<ul class=\"wp-block-list\">\n<li>Cualquier art\u00edculo que no se encuentre en su estado original, est\u00e9 da\u00f1ado o falte una parte por razones que no se debieron a nuestro error.<\/li>\n\n\n\n<li>Cualquier art\u00edculo que se devuelva m\u00e1s de 5 d\u00edas despu\u00e9s de haberse concluido la compr\u00e1.<\/li>\n<\/ul>\n\n\n\n<p>Una vez que se reciba e inspeccione tu devoluci\u00f3n, te enviaremos un email para notificarte que hemos recibido tu art\u00edculo devuelto. Tambi\u00e9n te notificaremos la aprobaci\u00f3n o el rechazo de tu reembolso.<\/p>\n\n\n\n<p>Si es aprobado, entonces se procesar\u00e1 tu reembolso y se aplicar\u00e1 un cr\u00e9dito autom\u00e1ticamente a tu tarjeta de cr\u00e9dito o m\u00e9todo de pago original, dentro de una cierta cantidad de d\u00edas.<\/p>\n\n\n\n<p><strong>Reembolsos atrasados \u200b\u200bo faltantes<\/strong><\/p>\n\n\n\n<ul class=\"wp-block-list\">\n<li>Si a\u00fan no has recibido un reembolso, primero verifica otra vez tu cuenta bancaria. Luego, comun\u00edcate con la compa\u00f1\u00eda de tu tarjeta de cr\u00e9dito. Puede tomar alg\u00fan tiempo antes de que se publique oficialmente tu reembolso.<\/li>\n\n\n\n<li>Si has hecho todo esto y a\u00fan no has recibido tu reembolso, comun\u00edcate con nosotros al (missael@rapidshopp.com).<\/li>\n\n\n\n<li>Si la compra se realizaro en efectivo al recibir tu producto y tienen el mismo problema tambi\u00e9n puedes comunicarte v\u00eda email o n\u00famero de tel\u00e9fono.<\/li>\n<\/ul>\n\n\n\n<p><strong>Env\u00edo<\/strong><\/p>\n\n\n\n<ul class=\"wp-block-list\">\n<li>Por favor, no devuelvas el producto al fabricante. Debe enviarse a la siguiente direcci\u00f3n indicada por el personal que le atendi\u00f3 al comunicarse por los medios oficiales de la tienda en linea.<\/li>\n\n\n\n<li>Usted ser\u00e1 responsable de pagar sus propios costos de env\u00edo para devolver su art\u00edculo.<\/li>\n\n\n\n<li>Los costos de env\u00edo no son reembolsables. Si recibes un reembolso, el costo del env\u00edo de devoluci\u00f3n se deducir\u00e1 de tu reembolso.<\/li>\n\n\n\n<li>Dependiendo de d\u00f3nde vivas, el tiempo que tarde tu producto cambiado en llegar a ti puede variar.<\/li>\n\n\n\n<li>Por favor, nota que no podemos garantizar que recibiremos tu art\u00edculo devuelto.<\/li>\n<\/ul>\n","protected":false},"excerpt":{"rendered":"<p>\u00a1Gracias por comprar en rapidshopp! Ofrecemos reembolso y\/o cambio dentro de los primeros 5 d\u00edas de haberse completado tu compr\u00e1. Si han transcurrido m\u00e1s de 5 d\u00edas desde tu compra, no se te ofrecer\u00e1 un reembolso y\/o cambio de ning\u00fan tipo. Elegibilidad para reembolsos y cambios Cambios&nbsp;(si es aplicable) Solo reemplazamos los art\u00edculos si est\u00e1n [&hellip;]<\/p>\n","protected":false},"author":1,"featured_media":0,"parent":0,"menu_order":0,"comment_status":"closed","ping_status":"closed","template":"","meta":{"advanced_seo_description":"","jetpack_seo_html_title":"","jetpack_seo_noindex":false,"_joinchat":[],"footnotes":""},"class_list":["post-35","page","type-page","status-publish","hentry"],"jetpack_sharing_enabled":true,"_links":{"self":[{"href":"https:\/\/rapidshopp.com\/rapidshopp1\/wp-json\/wp\/v2\/pages\/35","targetHints":{"allow":["GET"]}}],"collection":[{"href":"https:\/\/rapidshopp.com\/rapidshopp1\/wp-json\/wp\/v2\/pages"}],"about":[{"href":"https:\/\/rapidshopp.com\/rapidshopp1\/wp-json\/wp\/v2\/types\/page"}],"author":[{"embeddable":true,"href":"https:\/\/rapidshopp.com\/rapidshopp1\/wp-json\/wp\/v2\/users\/1"}],"replies":[{"embeddable":true,"href":"https:\/\/rapidshopp.com\/rapidshopp1\/wp-json\/wp\/v2\/comments?post=35"}],"version-history":[{"count":4,"href":"https:\/\/rapidshopp.com\/rapidshopp1\/wp-json\/wp\/v2\/pages\/35\/revisions"}],"predecessor-version":[{"id":252,"href":"https:\/\/rapidshopp.com\/rapidshopp1\/wp-json\/wp\/v2\/pages\/35\/revisions\/252"}],"wp:attachment":[{"href":"https:\/\/rapidshopp.com\/rapidshopp1\/wp-json\/wp\/v2\/media?parent=35"}],"curies":[{"name":"wp","href":"https:\/\/api.w.org\/{rel}","templated":true}]}}