{"id":87,"date":"2024-04-23T01:12:44","date_gmt":"2024-04-22T23:12:44","guid":{"rendered":"http:\/\/localhost\/wordpress\/?page_id=87"},"modified":"2024-08-09T15:11:26","modified_gmt":"2024-08-09T21:11:26","slug":"ayuda","status":"publish","type":"page","link":"https:\/\/rapidshopp.com\/rapidshopp1\/ayuda\/","title":{"rendered":"Ayuda"},"content":{"rendered":"\n<p><strong>Consejos para realizar su primer compra <\/strong><\/p>\n\n\n\n<p class=\"has-text-align-left\">Al realizar su primer compra se le solicitar\u00e1 que ingres\u00e9 el codigo postal correspondiente a la cuidad donde se realizar\u00e1 la entrega del producto. Ya que por el momento el env\u00edo solo est\u00e1 disponible para la cuidad de Bluefields Nicaragua el codigo postal permitido para los env\u00edos es el correspondiente al <strong>81000<\/strong><\/p>\n\n\n\n<p><strong>\u00bfEn qu\u00e9 momento pagar\u00e1 su compra?<\/strong><\/p>\n\n\n\n<p>La compr\u00e1 se pagar\u00e1 al recibir el producto en sus manos, ser\u00e1 un pago contra reembolso.<\/p>\n\n\n\n<p><strong>\u00bfA qu\u00e9 pa\u00eds o cuidad se est\u00e1 realizando delivery?<\/strong><\/p>\n\n\n\n<p>Bluefiel Nicaragua, consulte otros m\u00e9todos de env\u00edo en la secci\u00f3n de cont\u00e1ctanos <\/p>\n\n\n\n<p><strong>\u00bfCual es el c\u00f3digo postal de Bluefields Nicaragua?<\/strong><\/p>\n\n\n\n<p>Codigo postal: <strong>81000<\/strong><\/p>\n\n\n\n<h2 class=\"wp-block-heading\"><strong>Como realizar mi primer pedido en la tienda<\/strong><\/h2>\n\n\n\n<figure class=\"wp-block-video\"><video controls src=\"https:\/\/rapidshopp.com\/wp-content\/uploads\/2024\/05\/Pasos-para-realizar-un-pedido-en-la-tienda.mp4\"><\/video><\/figure>\n\n\n\n<p><\/p>\n","protected":false},"excerpt":{"rendered":"<p>Consejos para realizar su primer compra Al realizar su primer compra se le solicitar\u00e1 que ingres\u00e9 el codigo postal correspondiente a la cuidad donde se realizar\u00e1 la entrega del producto. Ya que por el momento el env\u00edo solo est\u00e1 disponible para la cuidad de Bluefields Nicaragua el codigo postal permitido para los env\u00edos es el [&hellip;]<\/p>\n","protected":false},"author":1,"featured_media":0,"parent":0,"menu_order":0,"comment_status":"closed","ping_status":"closed","template":"","meta":{"advanced_seo_description":"","jetpack_seo_html_title":"","jetpack_seo_noindex":false,"_joinchat":[],"footnotes":""},"class_list":["post-87","page","type-page","status-publish","hentry"],"jetpack_sharing_enabled":true,"_links":{"self":[{"href":"https:\/\/rapidshopp.com\/rapidshopp1\/wp-json\/wp\/v2\/pages\/87","targetHints":{"allow":["GET"]}}],"collection":[{"href":"https:\/\/rapidshopp.com\/rapidshopp1\/wp-json\/wp\/v2\/pages"}],"about":[{"href":"https:\/\/rapidshopp.com\/rapidshopp1\/wp-json\/wp\/v2\/types\/page"}],"author":[{"embeddable":true,"href":"https:\/\/rapidshopp.com\/rapidshopp1\/wp-json\/wp\/v2\/users\/1"}],"replies":[{"embeddable":true,"href":"https:\/\/rapidshopp.com\/rapidshopp1\/wp-json\/wp\/v2\/comments?post=87"}],"version-history":[{"count":18,"href":"https:\/\/rapidshopp.com\/rapidshopp1\/wp-json\/wp\/v2\/pages\/87\/revisions"}],"predecessor-version":[{"id":867,"href":"https:\/\/rapidshopp.com\/rapidshopp1\/wp-json\/wp\/v2\/pages\/87\/revisions\/867"}],"wp:attachment":[{"href":"https:\/\/rapidshopp.com\/rapidshopp1\/wp-json\/wp\/v2\/media?parent=87"}],"curies":[{"name":"wp","href":"https:\/\/api.w.org\/{rel}","templated":true}]}}