{"id":1182,"date":"2024-10-13T17:06:10","date_gmt":"2024-10-13T23:06:10","guid":{"rendered":"https:\/\/rapidshopp.com\/producto\/sweet-honesty-treasures-avon\/"},"modified":"2024-10-13T17:06:10","modified_gmt":"2024-10-13T23:06:10","slug":"sweet-honesty-treasures-avon","status":"publish","type":"product","link":"https:\/\/rapidshopp.com\/rapidshopp1\/producto\/sweet-honesty-treasures-avon\/","title":{"rendered":"Sweet Honesty Treasures &#8211; AVON"},"content":{"rendered":"<p>Sweet Honesty Treasures: Un tesoro floral que te envuelve en una fragancia delicada y femenina. Perfecto para mujeres que buscan un aroma \u00fanico y especial para cada ocasi\u00f3n.<\/p>\n<p>Fragancia en presentaci\u00f3n de 50 mL<\/p>\n","protected":false},"excerpt":{"rendered":"<p>Sweet Honesty Treasures: Un tesoro floral que te envuelve en una fragancia delicada y femenina. Perfecto para mujeres que buscan un aroma \u00fanico y especial para cada ocasi\u00f3n. Fragancia en presentaci\u00f3n de 50 mL<\/p>\n","protected":false},"featured_media":1181,"comment_status":"open","ping_status":"closed","template":"","meta":{"advanced_seo_description":"","jetpack_seo_html_title":"","jetpack_seo_noindex":false,"_joinchat":[],"jetpack_publicize_message":"","jetpack_publicize_feature_enabled":true,"jetpack_social_post_already_shared":true,"jetpack_social_options":{"image_generator_settings":{"template":"highway","default_image_id":0,"font":"","enabled":false},"version":2}},"product_brand":[],"product_cat":[21],"product_tag":[],"class_list":{"0":"post-1182","1":"product","2":"type-product","3":"status-publish","4":"has-post-thumbnail","6":"product_cat-perfume-mujer","8":"first","9":"instock","10":"shipping-taxable","11":"purchasable","12":"product-type-simple"},"jetpack_publicize_connections":[],"jetpack_sharing_enabled":true,"_links":{"self":[{"href":"https:\/\/rapidshopp.com\/rapidshopp1\/wp-json\/wp\/v2\/product\/1182","targetHints":{"allow":["GET"]}}],"collection":[{"href":"https:\/\/rapidshopp.com\/rapidshopp1\/wp-json\/wp\/v2\/product"}],"about":[{"href":"https:\/\/rapidshopp.com\/rapidshopp1\/wp-json\/wp\/v2\/types\/product"}],"replies":[{"embeddable":true,"href":"https:\/\/rapidshopp.com\/rapidshopp1\/wp-json\/wp\/v2\/comments?post=1182"}],"wp:featuredmedia":[{"embeddable":true,"href":"https:\/\/rapidshopp.com\/rapidshopp1\/wp-json\/wp\/v2\/media\/1181"}],"wp:attachment":[{"href":"https:\/\/rapidshopp.com\/rapidshopp1\/wp-json\/wp\/v2\/media?parent=1182"}],"wp:term":[{"taxonomy":"product_brand","embeddable":true,"href":"https:\/\/rapidshopp.com\/rapidshopp1\/wp-json\/wp\/v2\/product_brand?post=1182"},{"taxonomy":"product_cat","embeddable":true,"href":"https:\/\/rapidshopp.com\/rapidshopp1\/wp-json\/wp\/v2\/product_cat?post=1182"},{"taxonomy":"product_tag","embeddable":true,"href":"https:\/\/rapidshopp.com\/rapidshopp1\/wp-json\/wp\/v2\/product_tag?post=1182"}],"curies":[{"name":"wp","href":"https:\/\/api.w.org\/{rel}","templated":true}]}}