{"id":1186,"date":"2024-10-13T17:39:27","date_gmt":"2024-10-13T23:39:27","guid":{"rendered":"https:\/\/rapidshopp.com\/producto\/exotic-waters-avon\/"},"modified":"2024-10-13T17:39:27","modified_gmt":"2024-10-13T23:39:27","slug":"exotic-waters-avon","status":"publish","type":"product","link":"https:\/\/rapidshopp.com\/rapidshopp1\/producto\/exotic-waters-avon\/","title":{"rendered":"Exotic Waters &#8211; AVON"},"content":{"rendered":"<p>Exotic Waters: Un regalo para tus sentidos.<\/p>\n<p>Sum\u00e9rgete en un mundo de frescura y exotismo con nuestro set de perfume y desodorante. Perfecto para mujeres aventureras. \u00a1Descon\u00e9ctate y rel\u00e1jate con Exotic Waters!<\/p>\n<p>Fragancia en presentaci\u00f3n de 50 mL<\/p>\n","protected":false},"excerpt":{"rendered":"<p>Exotic Waters: Un regalo para tus sentidos. Sum\u00e9rgete en un mundo de frescura y exotismo con nuestro set de perfume y desodorante. Perfecto para mujeres aventureras. \u00a1Descon\u00e9ctate y rel\u00e1jate con Exotic Waters! Fragancia en presentaci\u00f3n de 50 mL<\/p>\n","protected":false},"featured_media":1185,"comment_status":"open","ping_status":"closed","template":"","meta":{"advanced_seo_description":"","jetpack_seo_html_title":"","jetpack_seo_noindex":false,"_joinchat":[],"jetpack_publicize_message":"","jetpack_publicize_feature_enabled":true,"jetpack_social_post_already_shared":true,"jetpack_social_options":{"image_generator_settings":{"template":"highway","default_image_id":0,"font":"","enabled":false},"version":2}},"product_brand":[],"product_cat":[21],"product_tag":[],"class_list":{"0":"post-1186","1":"product","2":"type-product","3":"status-publish","4":"has-post-thumbnail","6":"product_cat-perfume-mujer","8":"first","9":"instock","10":"sale","11":"shipping-taxable","12":"purchasable","13":"product-type-simple"},"jetpack_publicize_connections":[],"jetpack_sharing_enabled":true,"_links":{"self":[{"href":"https:\/\/rapidshopp.com\/rapidshopp1\/wp-json\/wp\/v2\/product\/1186","targetHints":{"allow":["GET"]}}],"collection":[{"href":"https:\/\/rapidshopp.com\/rapidshopp1\/wp-json\/wp\/v2\/product"}],"about":[{"href":"https:\/\/rapidshopp.com\/rapidshopp1\/wp-json\/wp\/v2\/types\/product"}],"replies":[{"embeddable":true,"href":"https:\/\/rapidshopp.com\/rapidshopp1\/wp-json\/wp\/v2\/comments?post=1186"}],"wp:featuredmedia":[{"embeddable":true,"href":"https:\/\/rapidshopp.com\/rapidshopp1\/wp-json\/wp\/v2\/media\/1185"}],"wp:attachment":[{"href":"https:\/\/rapidshopp.com\/rapidshopp1\/wp-json\/wp\/v2\/media?parent=1186"}],"wp:term":[{"taxonomy":"product_brand","embeddable":true,"href":"https:\/\/rapidshopp.com\/rapidshopp1\/wp-json\/wp\/v2\/product_brand?post=1186"},{"taxonomy":"product_cat","embeddable":true,"href":"https:\/\/rapidshopp.com\/rapidshopp1\/wp-json\/wp\/v2\/product_cat?post=1186"},{"taxonomy":"product_tag","embeddable":true,"href":"https:\/\/rapidshopp.com\/rapidshopp1\/wp-json\/wp\/v2\/product_tag?post=1186"}],"curies":[{"name":"wp","href":"https:\/\/api.w.org\/{rel}","templated":true}]}}