{"id":1409,"date":"2024-10-21T13:30:40","date_gmt":"2024-10-21T19:30:40","guid":{"rendered":"https:\/\/rapidshopp.com\/producto\/amorel-zermat\/"},"modified":"2024-10-21T13:54:59","modified_gmt":"2024-10-21T19:54:59","slug":"amorel-zermat","status":"publish","type":"product","link":"https:\/\/rapidshopp.com\/rapidshopp1\/producto\/amorel-zermat\/","title":{"rendered":"AMOREL &#8211; ZERMAT"},"content":{"rendered":"<p>Amorel zermat: \u2728 La fragancia que celebra tu belleza \u00fanica, elegancia y seguridad.  Con su presentaci\u00f3n de 100 ml, este perfume te acompa\u00f1ar\u00e1 en cada momento especial. \u00a1Pru\u00e9balo y enam\u00f3rate de su aroma!<\/p>\n","protected":false},"excerpt":{"rendered":"<p>Amorel zermat: \u2728 La fragancia que celebra tu belleza \u00fanica, elegancia y seguridad. Con su presentaci\u00f3n de 100 ml, este perfume te acompa\u00f1ar\u00e1 en cada momento especial. \u00a1Pru\u00e9balo y enam\u00f3rate de su aroma!<\/p>\n","protected":false},"featured_media":1407,"comment_status":"open","ping_status":"closed","template":"","meta":{"advanced_seo_description":"","jetpack_seo_html_title":"","jetpack_seo_noindex":false,"_joinchat":[],"jetpack_publicize_message":"","jetpack_publicize_feature_enabled":true,"jetpack_social_post_already_shared":true,"jetpack_social_options":{"image_generator_settings":{"template":"highway","default_image_id":0,"font":"","enabled":false},"version":2}},"product_brand":[],"product_cat":[21],"product_tag":[],"class_list":{"0":"post-1409","1":"product","2":"type-product","3":"status-publish","4":"has-post-thumbnail","6":"product_cat-perfume-mujer","8":"first","9":"instock","10":"shipping-taxable","11":"purchasable","12":"product-type-simple"},"jetpack_publicize_connections":[],"jetpack_sharing_enabled":true,"_links":{"self":[{"href":"https:\/\/rapidshopp.com\/rapidshopp1\/wp-json\/wp\/v2\/product\/1409","targetHints":{"allow":["GET"]}}],"collection":[{"href":"https:\/\/rapidshopp.com\/rapidshopp1\/wp-json\/wp\/v2\/product"}],"about":[{"href":"https:\/\/rapidshopp.com\/rapidshopp1\/wp-json\/wp\/v2\/types\/product"}],"replies":[{"embeddable":true,"href":"https:\/\/rapidshopp.com\/rapidshopp1\/wp-json\/wp\/v2\/comments?post=1409"}],"wp:featuredmedia":[{"embeddable":true,"href":"https:\/\/rapidshopp.com\/rapidshopp1\/wp-json\/wp\/v2\/media\/1407"}],"wp:attachment":[{"href":"https:\/\/rapidshopp.com\/rapidshopp1\/wp-json\/wp\/v2\/media?parent=1409"}],"wp:term":[{"taxonomy":"product_brand","embeddable":true,"href":"https:\/\/rapidshopp.com\/rapidshopp1\/wp-json\/wp\/v2\/product_brand?post=1409"},{"taxonomy":"product_cat","embeddable":true,"href":"https:\/\/rapidshopp.com\/rapidshopp1\/wp-json\/wp\/v2\/product_cat?post=1409"},{"taxonomy":"product_tag","embeddable":true,"href":"https:\/\/rapidshopp.com\/rapidshopp1\/wp-json\/wp\/v2\/product_tag?post=1409"}],"curies":[{"name":"wp","href":"https:\/\/api.w.org\/{rel}","templated":true}]}}