{"id":1420,"date":"2024-10-25T18:45:05","date_gmt":"2024-10-26T00:45:05","guid":{"rendered":"https:\/\/rapidshopp.com\/producto\/zero-frizz\/"},"modified":"2024-10-25T18:47:03","modified_gmt":"2024-10-26T00:47:03","slug":"zero-frizz","status":"publish","type":"product","link":"https:\/\/rapidshopp.com\/rapidshopp1\/producto\/zero-frizz\/","title":{"rendered":"ZERO FRIZZ &#8211; Scentia"},"content":{"rendered":"<p>ZERO FRIZZ &#8211; Scentia: \u00a1Di adi\u00f3s a la ca\u00edda, hola a un cabello radiante!<\/p>\n<p>Acondicionador en presentaci\u00f3n de 800 mL<\/p>\n","protected":false},"excerpt":{"rendered":"<p>ZERO FRIZZ &#8211; Scentia: \u00a1Di adi\u00f3s a la ca\u00edda, hola a un cabello radiante! Acondicionador en presentaci\u00f3n de 800 mL<\/p>\n","protected":false},"featured_media":1419,"comment_status":"open","ping_status":"closed","template":"","meta":{"advanced_seo_description":"","jetpack_seo_html_title":"","jetpack_seo_noindex":false,"_joinchat":[],"jetpack_publicize_message":"","jetpack_publicize_feature_enabled":true,"jetpack_social_post_already_shared":true,"jetpack_social_options":{"image_generator_settings":{"template":"highway","default_image_id":0,"font":"","enabled":false},"version":2}},"product_brand":[],"product_cat":[49,32],"product_tag":[],"class_list":{"0":"post-1420","1":"product","2":"type-product","3":"status-publish","4":"has-post-thumbnail","6":"product_cat-oferta","7":"product_cat-acondicionador","9":"first","10":"instock","11":"sale","12":"shipping-taxable","13":"purchasable","14":"product-type-simple"},"jetpack_publicize_connections":[],"jetpack_sharing_enabled":true,"_links":{"self":[{"href":"https:\/\/rapidshopp.com\/rapidshopp1\/wp-json\/wp\/v2\/product\/1420","targetHints":{"allow":["GET"]}}],"collection":[{"href":"https:\/\/rapidshopp.com\/rapidshopp1\/wp-json\/wp\/v2\/product"}],"about":[{"href":"https:\/\/rapidshopp.com\/rapidshopp1\/wp-json\/wp\/v2\/types\/product"}],"replies":[{"embeddable":true,"href":"https:\/\/rapidshopp.com\/rapidshopp1\/wp-json\/wp\/v2\/comments?post=1420"}],"wp:featuredmedia":[{"embeddable":true,"href":"https:\/\/rapidshopp.com\/rapidshopp1\/wp-json\/wp\/v2\/media\/1419"}],"wp:attachment":[{"href":"https:\/\/rapidshopp.com\/rapidshopp1\/wp-json\/wp\/v2\/media?parent=1420"}],"wp:term":[{"taxonomy":"product_brand","embeddable":true,"href":"https:\/\/rapidshopp.com\/rapidshopp1\/wp-json\/wp\/v2\/product_brand?post=1420"},{"taxonomy":"product_cat","embeddable":true,"href":"https:\/\/rapidshopp.com\/rapidshopp1\/wp-json\/wp\/v2\/product_cat?post=1420"},{"taxonomy":"product_tag","embeddable":true,"href":"https:\/\/rapidshopp.com\/rapidshopp1\/wp-json\/wp\/v2\/product_tag?post=1420"}],"curies":[{"name":"wp","href":"https:\/\/api.w.org\/{rel}","templated":true}]}}