{"id":1424,"date":"2024-10-25T18:53:10","date_gmt":"2024-10-26T00:53:10","guid":{"rendered":"https:\/\/rapidshopp.com\/?post_type=product&#038;p=1424"},"modified":"2024-10-25T19:26:03","modified_gmt":"2024-10-26T01:26:03","slug":"shampoo-scentia","status":"publish","type":"product","link":"https:\/\/rapidshopp.com\/rapidshopp1\/producto\/shampoo-scentia\/","title":{"rendered":"Shampoo &#8211; Scentia"},"content":{"rendered":"<p>\u00a1Un cabello radiante comienza con Scentia.!<\/p>\n<p>#WildBabysScentia #CeroL\u00e1grimas #SinIrritaci\u00f3n #CuidadoInfantil #ShampooParaBeb\u00e9 #CeroL\u00e1grimas #SuavidadNatural #Ba\u00f1oFeliz<\/p>\n","protected":false},"excerpt":{"rendered":"<p>\u00a1Un cabello radiante comienza con Scentia.! #WildBabysScentia #CeroL\u00e1grimas #SinIrritaci\u00f3n #CuidadoInfantil #ShampooParaBeb\u00e9 #CeroL\u00e1grimas #SuavidadNatural #Ba\u00f1oFeliz<\/p>\n","protected":false},"featured_media":1423,"comment_status":"open","ping_status":"closed","template":"","meta":{"advanced_seo_description":"","jetpack_seo_html_title":"","jetpack_seo_noindex":false,"_joinchat":[],"jetpack_publicize_message":"","jetpack_publicize_feature_enabled":true,"jetpack_social_post_already_shared":true,"jetpack_social_options":{"image_generator_settings":{"template":"highway","default_image_id":0,"font":"","enabled":false},"version":2}},"product_brand":[],"product_cat":[69,54],"product_tag":[],"class_list":{"0":"post-1424","1":"product","2":"type-product","3":"status-publish","4":"has-post-thumbnail","6":"product_cat-shampoo-para-ninos","7":"product_cat-shampoo","9":"first","10":"instock","11":"sale","12":"shipping-taxable","13":"purchasable","14":"product-type-variable"},"jetpack_publicize_connections":[],"jetpack_sharing_enabled":true,"_links":{"self":[{"href":"https:\/\/rapidshopp.com\/rapidshopp1\/wp-json\/wp\/v2\/product\/1424","targetHints":{"allow":["GET"]}}],"collection":[{"href":"https:\/\/rapidshopp.com\/rapidshopp1\/wp-json\/wp\/v2\/product"}],"about":[{"href":"https:\/\/rapidshopp.com\/rapidshopp1\/wp-json\/wp\/v2\/types\/product"}],"replies":[{"embeddable":true,"href":"https:\/\/rapidshopp.com\/rapidshopp1\/wp-json\/wp\/v2\/comments?post=1424"}],"wp:featuredmedia":[{"embeddable":true,"href":"https:\/\/rapidshopp.com\/rapidshopp1\/wp-json\/wp\/v2\/media\/1423"}],"wp:attachment":[{"href":"https:\/\/rapidshopp.com\/rapidshopp1\/wp-json\/wp\/v2\/media?parent=1424"}],"wp:term":[{"taxonomy":"product_brand","embeddable":true,"href":"https:\/\/rapidshopp.com\/rapidshopp1\/wp-json\/wp\/v2\/product_brand?post=1424"},{"taxonomy":"product_cat","embeddable":true,"href":"https:\/\/rapidshopp.com\/rapidshopp1\/wp-json\/wp\/v2\/product_cat?post=1424"},{"taxonomy":"product_tag","embeddable":true,"href":"https:\/\/rapidshopp.com\/rapidshopp1\/wp-json\/wp\/v2\/product_tag?post=1424"}],"curies":[{"name":"wp","href":"https:\/\/api.w.org\/{rel}","templated":true}]}}