{"id":1460,"date":"2024-11-08T18:16:38","date_gmt":"2024-11-09T00:16:38","guid":{"rendered":"https:\/\/rapidshopp.com\/producto\/vivaze-de-zermat\/"},"modified":"2024-11-08T18:20:56","modified_gmt":"2024-11-09T00:20:56","slug":"vivaze-de-zermat","status":"publish","type":"product","link":"https:\/\/rapidshopp.com\/rapidshopp1\/producto\/vivaze-de-zermat\/","title":{"rendered":"Vivaze de Zermat"},"content":{"rendered":"<p>Vivaze de Zermat, una fragancia \u00fanica que te envolver\u00e1 en un aroma irresistible. perfecta para toda ocasi\u00f3n.<\/p>\n<p>Un regalo ideal para ella.<\/p>\n<p>Perfume para dama en presentaci\u00f3n de 60 mL<\/p>\n","protected":false},"excerpt":{"rendered":"<p>Vivaze de Zermat, una fragancia \u00fanica que te envolver\u00e1 en un aroma irresistible. perfecta para toda ocasi\u00f3n. Un regalo ideal para ella. Perfume para dama en presentaci\u00f3n de 60 mL<\/p>\n","protected":false},"featured_media":1459,"comment_status":"open","ping_status":"closed","template":"","meta":{"advanced_seo_description":"","jetpack_seo_html_title":"","jetpack_seo_noindex":false,"_joinchat":[],"jetpack_publicize_message":"","jetpack_publicize_feature_enabled":true,"jetpack_social_post_already_shared":true,"jetpack_social_options":{"image_generator_settings":{"template":"highway","default_image_id":0,"font":"","enabled":false},"version":2}},"product_brand":[],"product_cat":[21],"product_tag":[],"class_list":{"0":"post-1460","1":"product","2":"type-product","3":"status-publish","4":"has-post-thumbnail","6":"product_cat-perfume-mujer","8":"first","9":"instock","10":"shipping-taxable","11":"purchasable","12":"product-type-simple"},"jetpack_publicize_connections":[],"jetpack_sharing_enabled":true,"_links":{"self":[{"href":"https:\/\/rapidshopp.com\/rapidshopp1\/wp-json\/wp\/v2\/product\/1460","targetHints":{"allow":["GET"]}}],"collection":[{"href":"https:\/\/rapidshopp.com\/rapidshopp1\/wp-json\/wp\/v2\/product"}],"about":[{"href":"https:\/\/rapidshopp.com\/rapidshopp1\/wp-json\/wp\/v2\/types\/product"}],"replies":[{"embeddable":true,"href":"https:\/\/rapidshopp.com\/rapidshopp1\/wp-json\/wp\/v2\/comments?post=1460"}],"wp:featuredmedia":[{"embeddable":true,"href":"https:\/\/rapidshopp.com\/rapidshopp1\/wp-json\/wp\/v2\/media\/1459"}],"wp:attachment":[{"href":"https:\/\/rapidshopp.com\/rapidshopp1\/wp-json\/wp\/v2\/media?parent=1460"}],"wp:term":[{"taxonomy":"product_brand","embeddable":true,"href":"https:\/\/rapidshopp.com\/rapidshopp1\/wp-json\/wp\/v2\/product_brand?post=1460"},{"taxonomy":"product_cat","embeddable":true,"href":"https:\/\/rapidshopp.com\/rapidshopp1\/wp-json\/wp\/v2\/product_cat?post=1460"},{"taxonomy":"product_tag","embeddable":true,"href":"https:\/\/rapidshopp.com\/rapidshopp1\/wp-json\/wp\/v2\/product_tag?post=1460"}],"curies":[{"name":"wp","href":"https:\/\/api.w.org\/{rel}","templated":true}]}}