{"id":1472,"date":"2024-11-24T16:36:22","date_gmt":"2024-11-24T22:36:22","guid":{"rendered":"https:\/\/rapidshopp.com\/producto\/eiffel-zermat\/"},"modified":"2024-11-24T16:36:22","modified_gmt":"2024-11-24T22:36:22","slug":"eiffel-zermat","status":"publish","type":"product","link":"https:\/\/rapidshopp.com\/rapidshopp1\/producto\/eiffel-zermat\/","title":{"rendered":"Eiffel &#8211; Zermat"},"content":{"rendered":"<p><strong>Fragancia Floral \u2013 <\/strong>Frutal<br \/>\nCon notas de rosa, peonia, jazm\u00edn, pera, lim\u00f3n y vainilla<br \/>\n<strong>Inspirada en la feminidad moderna,<\/strong> una irresistible combinaci\u00f3n de un esp\u00edritu independiente y aventurero que lleva su esencia a cualquier lugar del mundo.<\/p>\n<p>Perfume para damas en presentaci\u00f3n de 50 mL<\/p>\n","protected":false},"excerpt":{"rendered":"<p>Fragancia Floral \u2013 Frutal Con notas de rosa, peonia, jazm\u00edn, pera, lim\u00f3n y vainilla Inspirada en la feminidad moderna, una irresistible combinaci\u00f3n de un esp\u00edritu independiente y aventurero que lleva su esencia a cualquier lugar del mundo. Perfume para damas en presentaci\u00f3n de 50 mL<\/p>\n","protected":false},"featured_media":1471,"comment_status":"open","ping_status":"closed","template":"","meta":{"advanced_seo_description":"","jetpack_seo_html_title":"","jetpack_seo_noindex":false,"_joinchat":[],"jetpack_publicize_message":"","jetpack_publicize_feature_enabled":true,"jetpack_social_post_already_shared":true,"jetpack_social_options":{"image_generator_settings":{"template":"highway","default_image_id":0,"font":"","enabled":false},"version":2}},"product_brand":[],"product_cat":[49,21],"product_tag":[],"class_list":{"0":"post-1472","1":"product","2":"type-product","3":"status-publish","4":"has-post-thumbnail","6":"product_cat-oferta","7":"product_cat-perfume-mujer","9":"first","10":"instock","11":"sale","12":"shipping-taxable","13":"purchasable","14":"product-type-simple"},"jetpack_publicize_connections":[],"jetpack_sharing_enabled":true,"_links":{"self":[{"href":"https:\/\/rapidshopp.com\/rapidshopp1\/wp-json\/wp\/v2\/product\/1472","targetHints":{"allow":["GET"]}}],"collection":[{"href":"https:\/\/rapidshopp.com\/rapidshopp1\/wp-json\/wp\/v2\/product"}],"about":[{"href":"https:\/\/rapidshopp.com\/rapidshopp1\/wp-json\/wp\/v2\/types\/product"}],"replies":[{"embeddable":true,"href":"https:\/\/rapidshopp.com\/rapidshopp1\/wp-json\/wp\/v2\/comments?post=1472"}],"wp:featuredmedia":[{"embeddable":true,"href":"https:\/\/rapidshopp.com\/rapidshopp1\/wp-json\/wp\/v2\/media\/1471"}],"wp:attachment":[{"href":"https:\/\/rapidshopp.com\/rapidshopp1\/wp-json\/wp\/v2\/media?parent=1472"}],"wp:term":[{"taxonomy":"product_brand","embeddable":true,"href":"https:\/\/rapidshopp.com\/rapidshopp1\/wp-json\/wp\/v2\/product_brand?post=1472"},{"taxonomy":"product_cat","embeddable":true,"href":"https:\/\/rapidshopp.com\/rapidshopp1\/wp-json\/wp\/v2\/product_cat?post=1472"},{"taxonomy":"product_tag","embeddable":true,"href":"https:\/\/rapidshopp.com\/rapidshopp1\/wp-json\/wp\/v2\/product_tag?post=1472"}],"curies":[{"name":"wp","href":"https:\/\/api.w.org\/{rel}","templated":true}]}}