{"id":1556,"date":"2025-05-14T13:29:24","date_gmt":"2025-05-14T19:29:24","guid":{"rendered":"https:\/\/rapidshopp.com\/producto\/skala-expert-10\/"},"modified":"2025-05-14T13:32:59","modified_gmt":"2025-05-14T19:32:59","slug":"skala-expert-10","status":"publish","type":"product","link":"https:\/\/rapidshopp.com\/rapidshopp1\/producto\/skala-expert-10\/","title":{"rendered":"SKALA EXPERT"},"content":{"rendered":"<h3>Crema de tratamiento Acachonados<br \/>\n<\/h3>\n<p>Se recomienda para cabello encrespado y rizado y su f\u00f3rmula nutre sin apelmazarlo, dejando las hebras definidas y brillantes.<\/p>\n<p>Carb\u00f3n activado: absorbe el exceso de grasa y ayuda a eliminar las c\u00e9lulas muertas del cuero cabelludo.<\/p>\n<p>Mezcla de aceites<br \/>\n\u2013 Aceite de Arg\u00e1n: Rico en \u00e1cidos grasos y vitamina E. Ultra reparaci\u00f3n y brillo.<br \/>\n&#8211; Aceite de Coco: Promueve la reparaci\u00f3n del cabello, brillo, suavidad, hidrataci\u00f3n y facilidad de peinado.<br \/>\n&#8211; Aceite de Patau\u00e1: Fortalece y ayuda a combatir la ca\u00edda del cabello por rotura.<\/p>\n","protected":false},"excerpt":{"rendered":"<p>Crema de tratamiento Acachonados Se recomienda para cabello encrespado y rizado y su f\u00f3rmula nutre sin apelmazarlo, dejando las hebras definidas y brillantes. Carb\u00f3n activado: absorbe el exceso de grasa y ayuda a eliminar las c\u00e9lulas muertas del cuero cabelludo. Mezcla de aceites \u2013 Aceite de Arg\u00e1n: Rico en \u00e1cidos grasos y vitamina E. Ultra [&hellip;]<\/p>\n","protected":false},"featured_media":1557,"comment_status":"open","ping_status":"closed","template":"","meta":{"advanced_seo_description":"","jetpack_seo_html_title":"","jetpack_seo_noindex":false,"_joinchat":[],"jetpack_publicize_message":"","jetpack_publicize_feature_enabled":true,"jetpack_social_post_already_shared":true,"jetpack_social_options":{"image_generator_settings":{"template":"highway","default_image_id":0,"font":"","enabled":false},"version":2}},"product_brand":[],"product_cat":[49,46],"product_tag":[],"class_list":{"0":"post-1556","1":"product","2":"type-product","3":"status-publish","4":"has-post-thumbnail","6":"product_cat-oferta","7":"product_cat-crema-para-peinar","9":"first","10":"instock","11":"sale","12":"shipping-taxable","13":"purchasable","14":"product-type-simple"},"jetpack_publicize_connections":[],"jetpack_sharing_enabled":true,"_links":{"self":[{"href":"https:\/\/rapidshopp.com\/rapidshopp1\/wp-json\/wp\/v2\/product\/1556","targetHints":{"allow":["GET"]}}],"collection":[{"href":"https:\/\/rapidshopp.com\/rapidshopp1\/wp-json\/wp\/v2\/product"}],"about":[{"href":"https:\/\/rapidshopp.com\/rapidshopp1\/wp-json\/wp\/v2\/types\/product"}],"replies":[{"embeddable":true,"href":"https:\/\/rapidshopp.com\/rapidshopp1\/wp-json\/wp\/v2\/comments?post=1556"}],"wp:featuredmedia":[{"embeddable":true,"href":"https:\/\/rapidshopp.com\/rapidshopp1\/wp-json\/wp\/v2\/media\/1557"}],"wp:attachment":[{"href":"https:\/\/rapidshopp.com\/rapidshopp1\/wp-json\/wp\/v2\/media?parent=1556"}],"wp:term":[{"taxonomy":"product_brand","embeddable":true,"href":"https:\/\/rapidshopp.com\/rapidshopp1\/wp-json\/wp\/v2\/product_brand?post=1556"},{"taxonomy":"product_cat","embeddable":true,"href":"https:\/\/rapidshopp.com\/rapidshopp1\/wp-json\/wp\/v2\/product_cat?post=1556"},{"taxonomy":"product_tag","embeddable":true,"href":"https:\/\/rapidshopp.com\/rapidshopp1\/wp-json\/wp\/v2\/product_tag?post=1556"}],"curies":[{"name":"wp","href":"https:\/\/api.w.org\/{rel}","templated":true}]}}