{"id":1559,"date":"2025-05-14T13:46:36","date_gmt":"2025-05-14T19:46:36","guid":{"rendered":"https:\/\/rapidshopp.com\/?post_type=product&#038;p=1559"},"modified":"2025-05-14T13:54:05","modified_gmt":"2025-05-14T19:54:05","slug":"skala-expert-10-2-2","status":"publish","type":"product","link":"https:\/\/rapidshopp.com\/rapidshopp1\/producto\/skala-expert-10-2-2\/","title":{"rendered":"SKALA EXPERT"},"content":{"rendered":"<h3>Skala Crema de tratamiento para todo el cabello<\/h3>\n<div class=\"a-section a-spacing-none celwidget t-prnt t-full\" id=\"imageBlock_feature_div\" data-csa-c-asin=\"\" data-csa-c-content-id=\"imageBlock_v1\" data-csa-c-is-in-initial-active-row=\"false\" data-csa-c-slot-id=\"imageBlock_feature_div\" data-csa-c-type=\"widget\" data-feature-name=\"imageBlock_v1\" data-template-name=\"imageBlock_v1\" data-csa-c-id=\"wyblou-nqpjfe-fcwf1l-8h0xzb\" data-cel-widget=\"imageBlock_feature_div\" style=\"margin-bottom:1.3rem;position:relative\">\n<div id=\"mediaBlockEntities\" data-asin=\"B08JJ993J3\">\n<div id=\"horizontalMediaCarousel\">\n<div class=\"a-section a-spacing-none\" id=\"image-block-pagination-row-wrapper\" style=\"margin-bottom:1.3rem;flex-direction:column;justify-content:center;padding:6px0px\">\n<div class=\"a-section a-spacing-none a-spacing-top-small\" id=\"image-block-pagination-wrapper\" style=\"margin-bottom:1.3rem;margin-top:0.8rem!important;align-items:center;min-height:24px\">\n<div class=\"a-row small\" id=\"image-block-pagination\" style=\"width:356px\">\n<div class=\"a-column a-span12 a-spacing-small justify-platter-t2\" style=\"width:356px;margin-right:0px;margin-bottom:0.8rem!important;float:left;min-height:0.1rem;overflow:visible;align-items:center;justify-content:center\">\n<div class=\"a-pagination a-text-center platter-t2\" id=\"image-block-pagination-dots\" data-csa-c-element-type=\"navigational\" data-csa-c-slot-id=\"pinfo-feature\" data-csa-c-type=\"uxElement\" role=\"navigation\" data-csa-c-id=\"j6kr0n-gaf46s-na2krs-1nu02h\" style=\"width:80px;height:12px;align-items:center;font-family:\"><\/div>\n<\/div>\n<\/div>\n<\/div>\n<\/div>\n<\/div>\n<\/div>\n<\/div>\n<p>Reparar y nutrir el cabello da\u00f1ado, uso diario en cabello da\u00f1ado.<\/p>\n<ul class=\"a-unordered-list a-vertical a-spacing-none\" style=\"margin:0px0px0px1.8rem;padding:0px;font-family:\">\n<li class=\"a-spacing-mini\" style=\"margin:0px\"><span class=\"a-list-item\">Enriquecido con vitamina E y D&#8217; Pantenol<\/span><\/li>\n<li class=\"a-spacing-mini\" style=\"margin:0px\"><span class=\"a-list-item\">Combate los principales signos de da\u00f1o del cabello<\/span><\/li>\n<li class=\"a-spacing-mini\" style=\"margin:0px\"><span class=\"a-list-item\">Proporciona una restauraci\u00f3n espectacular al cabello<\/span><\/li>\n<li class=\"a-spacing-mini\" style=\"margin:0px\"><span class=\"a-list-item\">Infunde el cabello con nutrientes vitales<\/span><\/li>\n<li class=\"a-spacing-mini\" style=\"margin:0px\"><span class=\"a-list-item\">Adecuado para todo tipo de cabello<\/span><\/li>\n<\/ul>\n","protected":false},"excerpt":{"rendered":"<p>Skala Crema de tratamiento para todo el cabello Reparar y nutrir el cabello da\u00f1ado, uso diario en cabello da\u00f1ado. Enriquecido con vitamina E y D&#8217; Pantenol Combate los principales signos de da\u00f1o del cabello Proporciona una restauraci\u00f3n espectacular al cabello Infunde el cabello con nutrientes vitales Adecuado para todo tipo de cabello<\/p>\n","protected":false},"featured_media":1552,"comment_status":"open","ping_status":"closed","template":"","meta":{"advanced_seo_description":"","jetpack_seo_html_title":"","jetpack_seo_noindex":false,"_joinchat":[],"jetpack_publicize_message":"","jetpack_publicize_feature_enabled":true,"jetpack_social_post_already_shared":true,"jetpack_social_options":{"image_generator_settings":{"template":"highway","default_image_id":0,"font":"","enabled":false},"version":2}},"product_brand":[],"product_cat":[49,46],"product_tag":[],"class_list":{"0":"post-1559","1":"product","2":"type-product","3":"status-publish","4":"has-post-thumbnail","6":"product_cat-oferta","7":"product_cat-crema-para-peinar","9":"first","10":"instock","11":"sale","12":"shipping-taxable","13":"purchasable","14":"product-type-simple"},"jetpack_publicize_connections":[],"jetpack_sharing_enabled":true,"_links":{"self":[{"href":"https:\/\/rapidshopp.com\/rapidshopp1\/wp-json\/wp\/v2\/product\/1559","targetHints":{"allow":["GET"]}}],"collection":[{"href":"https:\/\/rapidshopp.com\/rapidshopp1\/wp-json\/wp\/v2\/product"}],"about":[{"href":"https:\/\/rapidshopp.com\/rapidshopp1\/wp-json\/wp\/v2\/types\/product"}],"replies":[{"embeddable":true,"href":"https:\/\/rapidshopp.com\/rapidshopp1\/wp-json\/wp\/v2\/comments?post=1559"}],"wp:featuredmedia":[{"embeddable":true,"href":"https:\/\/rapidshopp.com\/rapidshopp1\/wp-json\/wp\/v2\/media\/1552"}],"wp:attachment":[{"href":"https:\/\/rapidshopp.com\/rapidshopp1\/wp-json\/wp\/v2\/media?parent=1559"}],"wp:term":[{"taxonomy":"product_brand","embeddable":true,"href":"https:\/\/rapidshopp.com\/rapidshopp1\/wp-json\/wp\/v2\/product_brand?post=1559"},{"taxonomy":"product_cat","embeddable":true,"href":"https:\/\/rapidshopp.com\/rapidshopp1\/wp-json\/wp\/v2\/product_cat?post=1559"},{"taxonomy":"product_tag","embeddable":true,"href":"https:\/\/rapidshopp.com\/rapidshopp1\/wp-json\/wp\/v2\/product_tag?post=1559"}],"curies":[{"name":"wp","href":"https:\/\/api.w.org\/{rel}","templated":true}]}}