{"id":1569,"date":"2025-06-20T21:39:08","date_gmt":"2025-06-21T03:39:08","guid":{"rendered":"https:\/\/rapidshopp.com\/producto\/mussa-eclat-scentia\/"},"modified":"2025-06-20T21:39:08","modified_gmt":"2025-06-21T03:39:08","slug":"mussa-eclat-scentia","status":"publish","type":"product","link":"https:\/\/rapidshopp.com\/rapidshopp1\/producto\/mussa-eclat-scentia\/","title":{"rendered":"MUSSA \u00c9CLAT  &#8211; Scentia"},"content":{"rendered":"<p>NO HAY INSTANTE PEQUE\u00d1O PARA UNA MUJER QUE BRILLA, PORUQE SU LUZ TRANSFORMA CADA MOMENTO.<\/p>\n<p>Perfume para dama en su presentaci\u00f3n de 100mL<\/p>\n<p>Ata concentraci\u00f3n.<\/p>\n<p>\ud83d\udca7\ud83d\udca7\ud83d\udca7\ud83d\udca7\ud83d\udca7<\/p>\n","protected":false},"excerpt":{"rendered":"<p>NO HAY INSTANTE PEQUE\u00d1O PARA UNA MUJER QUE BRILLA, PORUQE SU LUZ TRANSFORMA CADA MOMENTO. Perfume para dama en su presentaci\u00f3n de 100mL Ata concentraci\u00f3n. \ud83d\udca7\ud83d\udca7\ud83d\udca7\ud83d\udca7\ud83d\udca7<\/p>\n","protected":false},"featured_media":1568,"comment_status":"open","ping_status":"closed","template":"","meta":{"advanced_seo_description":"","jetpack_seo_html_title":"","jetpack_seo_noindex":false,"_joinchat":[],"jetpack_publicize_message":"","jetpack_publicize_feature_enabled":true,"jetpack_social_post_already_shared":true,"jetpack_social_options":{"image_generator_settings":{"template":"highway","default_image_id":0,"font":"","enabled":false},"version":2}},"product_brand":[],"product_cat":[49,21],"product_tag":[],"class_list":{"0":"post-1569","1":"product","2":"type-product","3":"status-publish","4":"has-post-thumbnail","6":"product_cat-oferta","7":"product_cat-perfume-mujer","9":"first","10":"instock","11":"sale","12":"shipping-taxable","13":"purchasable","14":"product-type-simple"},"jetpack_publicize_connections":[],"jetpack_sharing_enabled":true,"_links":{"self":[{"href":"https:\/\/rapidshopp.com\/rapidshopp1\/wp-json\/wp\/v2\/product\/1569","targetHints":{"allow":["GET"]}}],"collection":[{"href":"https:\/\/rapidshopp.com\/rapidshopp1\/wp-json\/wp\/v2\/product"}],"about":[{"href":"https:\/\/rapidshopp.com\/rapidshopp1\/wp-json\/wp\/v2\/types\/product"}],"replies":[{"embeddable":true,"href":"https:\/\/rapidshopp.com\/rapidshopp1\/wp-json\/wp\/v2\/comments?post=1569"}],"wp:featuredmedia":[{"embeddable":true,"href":"https:\/\/rapidshopp.com\/rapidshopp1\/wp-json\/wp\/v2\/media\/1568"}],"wp:attachment":[{"href":"https:\/\/rapidshopp.com\/rapidshopp1\/wp-json\/wp\/v2\/media?parent=1569"}],"wp:term":[{"taxonomy":"product_brand","embeddable":true,"href":"https:\/\/rapidshopp.com\/rapidshopp1\/wp-json\/wp\/v2\/product_brand?post=1569"},{"taxonomy":"product_cat","embeddable":true,"href":"https:\/\/rapidshopp.com\/rapidshopp1\/wp-json\/wp\/v2\/product_cat?post=1569"},{"taxonomy":"product_tag","embeddable":true,"href":"https:\/\/rapidshopp.com\/rapidshopp1\/wp-json\/wp\/v2\/product_tag?post=1569"}],"curies":[{"name":"wp","href":"https:\/\/api.w.org\/{rel}","templated":true}]}}