{"id":1577,"date":"2025-06-21T19:39:59","date_gmt":"2025-06-22T01:39:59","guid":{"rendered":"https:\/\/rapidshopp.com\/producto\/status-zermat\/"},"modified":"2025-06-21T19:39:59","modified_gmt":"2025-06-22T01:39:59","slug":"status-zermat","status":"publish","type":"product","link":"https:\/\/rapidshopp.com\/rapidshopp1\/producto\/status-zermat\/","title":{"rendered":"STATUS &#8211; Zermat"},"content":{"rendered":"<p>Fragancia con clase, elegancia y distinci\u00f3n<\/p>\n<p>La fuerza de finas notas de menta, lavanda, geranio, cedro y \u00e1mbar gris.<\/p>\n<p>Perfume para caballero en presentaci\u00f3n de 100mL<\/p>\n","protected":false},"excerpt":{"rendered":"<p>Fragancia con clase, elegancia y distinci\u00f3n La fuerza de finas notas de menta, lavanda, geranio, cedro y \u00e1mbar gris. Perfume para caballero en presentaci\u00f3n de 100mL<\/p>\n","protected":false},"featured_media":1576,"comment_status":"open","ping_status":"closed","template":"","meta":{"advanced_seo_description":"","jetpack_seo_html_title":"","jetpack_seo_noindex":false,"_joinchat":[],"jetpack_publicize_message":"","jetpack_publicize_feature_enabled":true,"jetpack_social_post_already_shared":true,"jetpack_social_options":{"image_generator_settings":{"template":"highway","default_image_id":0,"font":"","enabled":false},"version":2}},"product_brand":[],"product_cat":[21,22],"product_tag":[],"class_list":{"0":"post-1577","1":"product","2":"type-product","3":"status-publish","4":"has-post-thumbnail","6":"product_cat-perfume-mujer","7":"product_cat-perfume-hombre","9":"first","10":"instock","11":"sale","12":"shipping-taxable","13":"purchasable","14":"product-type-simple"},"jetpack_publicize_connections":[],"jetpack_sharing_enabled":true,"_links":{"self":[{"href":"https:\/\/rapidshopp.com\/rapidshopp1\/wp-json\/wp\/v2\/product\/1577","targetHints":{"allow":["GET"]}}],"collection":[{"href":"https:\/\/rapidshopp.com\/rapidshopp1\/wp-json\/wp\/v2\/product"}],"about":[{"href":"https:\/\/rapidshopp.com\/rapidshopp1\/wp-json\/wp\/v2\/types\/product"}],"replies":[{"embeddable":true,"href":"https:\/\/rapidshopp.com\/rapidshopp1\/wp-json\/wp\/v2\/comments?post=1577"}],"wp:featuredmedia":[{"embeddable":true,"href":"https:\/\/rapidshopp.com\/rapidshopp1\/wp-json\/wp\/v2\/media\/1576"}],"wp:attachment":[{"href":"https:\/\/rapidshopp.com\/rapidshopp1\/wp-json\/wp\/v2\/media?parent=1577"}],"wp:term":[{"taxonomy":"product_brand","embeddable":true,"href":"https:\/\/rapidshopp.com\/rapidshopp1\/wp-json\/wp\/v2\/product_brand?post=1577"},{"taxonomy":"product_cat","embeddable":true,"href":"https:\/\/rapidshopp.com\/rapidshopp1\/wp-json\/wp\/v2\/product_cat?post=1577"},{"taxonomy":"product_tag","embeddable":true,"href":"https:\/\/rapidshopp.com\/rapidshopp1\/wp-json\/wp\/v2\/product_tag?post=1577"}],"curies":[{"name":"wp","href":"https:\/\/api.w.org\/{rel}","templated":true}]}}