{"id":1585,"date":"2025-07-03T10:53:42","date_gmt":"2025-07-03T16:53:42","guid":{"rendered":"https:\/\/rapidshopp.com\/producto\/acqua-di-platino-scentia\/"},"modified":"2025-07-03T10:53:42","modified_gmt":"2025-07-03T16:53:42","slug":"acqua-di-platino-scentia","status":"publish","type":"product","link":"https:\/\/rapidshopp.com\/rapidshopp1\/producto\/acqua-di-platino-scentia\/","title":{"rendered":"ACQUA DI PLATINO &#8211; Scentia"},"content":{"rendered":"<p>SUMERGETE EN LA AVENTURA!<\/p>\n<p>Deliciosas notas frescas de bergamota y aldeh\u00eddos aderezados de jengibre geranios dan a esta fragancia una frescura \u00fanica, el secreto de ACQUA Di Platino se encuentra en sus notas de fondo \u00e1mbar gris incienso, una fragancia \u00fanica.<\/p>\n<p>perfume en presentaci\u00f3n de 100 mL<\/p>\n","protected":false},"excerpt":{"rendered":"<p>SUMERGETE EN LA AVENTURA! Deliciosas notas frescas de bergamota y aldeh\u00eddos aderezados de jengibre geranios dan a esta fragancia una frescura \u00fanica, el secreto de ACQUA Di Platino se encuentra en sus notas de fondo \u00e1mbar gris incienso, una fragancia \u00fanica. perfume en presentaci\u00f3n de 100 mL<\/p>\n","protected":false},"featured_media":1584,"comment_status":"open","ping_status":"closed","template":"","meta":{"advanced_seo_description":"","jetpack_seo_html_title":"","jetpack_seo_noindex":false,"_joinchat":[],"jetpack_publicize_message":"","jetpack_publicize_feature_enabled":true,"jetpack_social_post_already_shared":true,"jetpack_social_options":{"image_generator_settings":{"template":"highway","default_image_id":0,"font":"","enabled":false},"version":2}},"product_brand":[],"product_cat":[22],"product_tag":[],"class_list":{"0":"post-1585","1":"product","2":"type-product","3":"status-publish","4":"has-post-thumbnail","6":"product_cat-perfume-hombre","8":"first","9":"instock","10":"shipping-taxable","11":"purchasable","12":"product-type-simple"},"jetpack_publicize_connections":[],"jetpack_sharing_enabled":true,"_links":{"self":[{"href":"https:\/\/rapidshopp.com\/rapidshopp1\/wp-json\/wp\/v2\/product\/1585","targetHints":{"allow":["GET"]}}],"collection":[{"href":"https:\/\/rapidshopp.com\/rapidshopp1\/wp-json\/wp\/v2\/product"}],"about":[{"href":"https:\/\/rapidshopp.com\/rapidshopp1\/wp-json\/wp\/v2\/types\/product"}],"replies":[{"embeddable":true,"href":"https:\/\/rapidshopp.com\/rapidshopp1\/wp-json\/wp\/v2\/comments?post=1585"}],"wp:featuredmedia":[{"embeddable":true,"href":"https:\/\/rapidshopp.com\/rapidshopp1\/wp-json\/wp\/v2\/media\/1584"}],"wp:attachment":[{"href":"https:\/\/rapidshopp.com\/rapidshopp1\/wp-json\/wp\/v2\/media?parent=1585"}],"wp:term":[{"taxonomy":"product_brand","embeddable":true,"href":"https:\/\/rapidshopp.com\/rapidshopp1\/wp-json\/wp\/v2\/product_brand?post=1585"},{"taxonomy":"product_cat","embeddable":true,"href":"https:\/\/rapidshopp.com\/rapidshopp1\/wp-json\/wp\/v2\/product_cat?post=1585"},{"taxonomy":"product_tag","embeddable":true,"href":"https:\/\/rapidshopp.com\/rapidshopp1\/wp-json\/wp\/v2\/product_tag?post=1585"}],"curies":[{"name":"wp","href":"https:\/\/api.w.org\/{rel}","templated":true}]}}