{"id":203,"date":"2024-05-02T08:22:52","date_gmt":"2024-05-02T14:22:52","guid":{"rendered":"https:\/\/rapidshopp.com\/?post_type=product&#038;p=203"},"modified":"2024-11-24T18:52:38","modified_gmt":"2024-11-25T00:52:38","slug":"faraway","status":"publish","type":"product","link":"https:\/\/rapidshopp.com\/rapidshopp1\/producto\/faraway\/","title":{"rendered":"Faraway"},"content":{"rendered":"<p>Una FRAGRANCIA que te dar\u00e1 INFINITAS posibilidades<\/p>\n<p>DESPIERTA toda la calidez en tu interior.<\/p>\n<p>FAR AWAY Infinity, la nueva fragancia de<br \/>\nla familia Far Away, te llevar\u00e1 donde tu imaginaci\u00f3n no llega.<\/p>\n<p>DISFRUTA de su aroma Oriental Floral con notas de jazm\u00edn y vainilla.<\/p>\n<p>El misterio y la sensualidad ser\u00e1n tus compa\u00f1eros para ir a donde tu imaginaci\u00f3n te lleve.<\/p>\n<p>Perfume en presentaciones de 50 mL<\/p>\n","protected":false},"excerpt":{"rendered":"<blockquote><p>&nbsp;<\/p><\/blockquote>\n","protected":false},"featured_media":204,"comment_status":"open","ping_status":"closed","template":"","meta":{"advanced_seo_description":"","jetpack_seo_html_title":"","jetpack_seo_noindex":false,"_joinchat":[],"jetpack_publicize_message":"","jetpack_publicize_feature_enabled":true,"jetpack_social_post_already_shared":false,"jetpack_social_options":{"image_generator_settings":{"template":"highway","default_image_id":0,"font":"","enabled":false},"version":2}},"product_brand":[],"product_cat":[21],"product_tag":[],"class_list":{"0":"post-203","1":"product","2":"type-product","3":"status-publish","4":"has-post-thumbnail","6":"product_cat-perfume-mujer","8":"first","9":"instock","10":"shipping-taxable","11":"purchasable","12":"product-type-simple"},"jetpack_publicize_connections":[],"jetpack_sharing_enabled":true,"_links":{"self":[{"href":"https:\/\/rapidshopp.com\/rapidshopp1\/wp-json\/wp\/v2\/product\/203","targetHints":{"allow":["GET"]}}],"collection":[{"href":"https:\/\/rapidshopp.com\/rapidshopp1\/wp-json\/wp\/v2\/product"}],"about":[{"href":"https:\/\/rapidshopp.com\/rapidshopp1\/wp-json\/wp\/v2\/types\/product"}],"replies":[{"embeddable":true,"href":"https:\/\/rapidshopp.com\/rapidshopp1\/wp-json\/wp\/v2\/comments?post=203"}],"wp:featuredmedia":[{"embeddable":true,"href":"https:\/\/rapidshopp.com\/rapidshopp1\/wp-json\/wp\/v2\/media\/204"}],"wp:attachment":[{"href":"https:\/\/rapidshopp.com\/rapidshopp1\/wp-json\/wp\/v2\/media?parent=203"}],"wp:term":[{"taxonomy":"product_brand","embeddable":true,"href":"https:\/\/rapidshopp.com\/rapidshopp1\/wp-json\/wp\/v2\/product_brand?post=203"},{"taxonomy":"product_cat","embeddable":true,"href":"https:\/\/rapidshopp.com\/rapidshopp1\/wp-json\/wp\/v2\/product_cat?post=203"},{"taxonomy":"product_tag","embeddable":true,"href":"https:\/\/rapidshopp.com\/rapidshopp1\/wp-json\/wp\/v2\/product_tag?post=203"}],"curies":[{"name":"wp","href":"https:\/\/api.w.org\/{rel}","templated":true}]}}