{"id":775,"date":"2024-08-01T13:46:52","date_gmt":"2024-08-01T19:46:52","guid":{"rendered":"https:\/\/rapidshopp.com\/producto\/optimizacion-de-equipos-de-computo-%f0%9f%92%bb\/"},"modified":"2024-08-04T12:38:59","modified_gmt":"2024-08-04T18:38:59","slug":"optimizacion-de-equipos-de-computo-%f0%9f%92%bb","status":"publish","type":"product","link":"https:\/\/rapidshopp.com\/rapidshopp1\/producto\/optimizacion-de-equipos-de-computo-%f0%9f%92%bb\/","title":{"rendered":"Optimizaci\u00f3n de equipos de comput\u00f3 \ud83d\udcbb"},"content":{"rendered":"<p>Que se incluye en la optimizaci\u00f3n del ordenador?<\/p>\n<p>Verificaci\u00f3n y correcci\u00f3n de errores del sistema operativo y actualizaci\u00f3n de los parches de seguridad del sistema, actualizaci\u00f3n controladores.<\/p>\n<p>Limpieza de archivos temporales, cache, archivos de actualizaciones del sistema, entre otros.<\/p>\n<p>En el caso de los ordenadores con discos HDD. Desfragmentado del disco duro<\/p>\n<p>Deshabilitar las aplicaciones en segundo plano, dejando solo las de inter\u00e9s para el cliente.<\/p>\n<p>Deshabilitar las aplicaciones que se inician al encender el equipo. permitiendo solo las aplicaciones indispensables.<\/p>\n<p>Eliminaci\u00f3n de spyware, malware.<\/p>\n<p>Automatizar el proceso de eliminaci\u00f3n de archivos temporales para evitar que el ordenador se vuelva lento con el tiempo.<\/p>\n<p>Deshabilitar el indexado del explorador de archivos para ganar mayor velocidad en ordenadores m\u00e1s antig\u00fcos.<\/p>\n<p>actualizaci\u00f3n o instalaci\u00f3n de software utilitarios.<\/p>\n<p>Se brindan servicios de forma remota o presencial \u00fanicamente para la cuidad de Bluefields Nicaragua, para mayor informaci\u00f3n cont\u00e1ctenos.<\/p>\n","protected":false},"excerpt":{"rendered":"<p>Que se incluye en la optimizaci\u00f3n del ordenador? Verificaci\u00f3n y correcci\u00f3n de errores del sistema operativo y actualizaci\u00f3n de los parches de seguridad del sistema, actualizaci\u00f3n controladores. Limpieza de archivos temporales, cache, archivos de actualizaciones del sistema, entre otros. En el caso de los ordenadores con discos HDD. Desfragmentado del disco duro Deshabilitar las aplicaciones [&hellip;]<\/p>\n","protected":false},"featured_media":773,"comment_status":"open","ping_status":"closed","template":"","meta":{"advanced_seo_description":"","jetpack_seo_html_title":"","jetpack_seo_noindex":false,"_joinchat":[],"jetpack_publicize_message":"","jetpack_publicize_feature_enabled":true,"jetpack_social_post_already_shared":true,"jetpack_social_options":{"image_generator_settings":{"template":"highway","default_image_id":0,"font":"","enabled":false},"version":2}},"product_brand":[],"product_cat":[49,60],"product_tag":[],"class_list":{"0":"post-775","1":"product","2":"type-product","3":"status-publish","4":"has-post-thumbnail","6":"product_cat-oferta","7":"product_cat-servicios_informaticos","9":"first","10":"instock","11":"sale","12":"virtual","13":"purchasable","14":"product-type-simple"},"jetpack_publicize_connections":[],"jetpack_sharing_enabled":true,"_links":{"self":[{"href":"https:\/\/rapidshopp.com\/rapidshopp1\/wp-json\/wp\/v2\/product\/775","targetHints":{"allow":["GET"]}}],"collection":[{"href":"https:\/\/rapidshopp.com\/rapidshopp1\/wp-json\/wp\/v2\/product"}],"about":[{"href":"https:\/\/rapidshopp.com\/rapidshopp1\/wp-json\/wp\/v2\/types\/product"}],"replies":[{"embeddable":true,"href":"https:\/\/rapidshopp.com\/rapidshopp1\/wp-json\/wp\/v2\/comments?post=775"}],"wp:featuredmedia":[{"embeddable":true,"href":"https:\/\/rapidshopp.com\/rapidshopp1\/wp-json\/wp\/v2\/media\/773"}],"wp:attachment":[{"href":"https:\/\/rapidshopp.com\/rapidshopp1\/wp-json\/wp\/v2\/media?parent=775"}],"wp:term":[{"taxonomy":"product_brand","embeddable":true,"href":"https:\/\/rapidshopp.com\/rapidshopp1\/wp-json\/wp\/v2\/product_brand?post=775"},{"taxonomy":"product_cat","embeddable":true,"href":"https:\/\/rapidshopp.com\/rapidshopp1\/wp-json\/wp\/v2\/product_cat?post=775"},{"taxonomy":"product_tag","embeddable":true,"href":"https:\/\/rapidshopp.com\/rapidshopp1\/wp-json\/wp\/v2\/product_tag?post=775"}],"curies":[{"name":"wp","href":"https:\/\/api.w.org\/{rel}","templated":true}]}}