{"id":791,"date":"2024-08-04T13:44:08","date_gmt":"2024-08-04T19:44:08","guid":{"rendered":"https:\/\/rapidshopp.com\/producto\/office-2019-profesional-plus\/"},"modified":"2024-09-13T22:36:23","modified_gmt":"2024-09-14T04:36:23","slug":"office-2019-profesional-plus","status":"publish","type":"product","link":"https:\/\/rapidshopp.com\/rapidshopp1\/producto\/office-2019-profesional-plus\/","title":{"rendered":"Office 2019 profesional plus"},"content":{"rendered":"<p>Licencia permanente para un ordenador, solo en el caso de formatear o cambiar de ordenador es necesario adquirir una nueva clave de producto.<\/p>\n<p><strong>Compatible con: <\/strong><\/p>\n<p>Windows 10 y 11<\/p>\n<p><strong>Este producto incluye:<\/strong><\/p>\n<p>Microsoft Word, Microsoft Excel, Microsoft Power Point, Microsoft Outlook, Microsoft OneNote, Microsoft Publisher, Microsoft Acces, Microsoft Teams.<\/p>\n<p>Adquiera su licencia desde cualquier parte del mundo \ud83c\udf0d<\/p>\n<p>Servicios de asistencia remota v\u00eda Anydesk para instalaci\u00f3n y configuraci\u00f3n del software: $7 (OPCIONAL)<\/p>\n","protected":false},"excerpt":{"rendered":"<p>Licencia permanente para un ordenador, solo en el caso de formatear o cambiar de ordenador es necesario adquirir una nueva clave de producto. Compatible con: Windows 10 y 11 Este producto incluye: Microsoft Word, Microsoft Excel, Microsoft Power Point, Microsoft Outlook, Microsoft OneNote, Microsoft Publisher, Microsoft Acces, Microsoft Teams. Adquiera su licencia desde cualquier parte [&hellip;]<\/p>\n","protected":false},"featured_media":790,"comment_status":"open","ping_status":"closed","template":"","meta":{"advanced_seo_description":"","jetpack_seo_html_title":"","jetpack_seo_noindex":false,"_joinchat":[],"jetpack_publicize_message":"","jetpack_publicize_feature_enabled":true,"jetpack_social_post_already_shared":true,"jetpack_social_options":{"image_generator_settings":{"template":"highway","default_image_id":0,"font":"","enabled":false},"version":2}},"product_brand":[],"product_cat":[49,61],"product_tag":[],"class_list":{"0":"post-791","1":"product","2":"type-product","3":"status-publish","4":"has-post-thumbnail","6":"product_cat-oferta","7":"product_cat-activa-tu-software-licencias-o-asistencia","9":"first","10":"outofstock","11":"sale","12":"virtual","13":"purchasable","14":"product-type-simple"},"jetpack_publicize_connections":[],"jetpack_sharing_enabled":true,"_links":{"self":[{"href":"https:\/\/rapidshopp.com\/rapidshopp1\/wp-json\/wp\/v2\/product\/791","targetHints":{"allow":["GET"]}}],"collection":[{"href":"https:\/\/rapidshopp.com\/rapidshopp1\/wp-json\/wp\/v2\/product"}],"about":[{"href":"https:\/\/rapidshopp.com\/rapidshopp1\/wp-json\/wp\/v2\/types\/product"}],"replies":[{"embeddable":true,"href":"https:\/\/rapidshopp.com\/rapidshopp1\/wp-json\/wp\/v2\/comments?post=791"}],"wp:featuredmedia":[{"embeddable":true,"href":"https:\/\/rapidshopp.com\/rapidshopp1\/wp-json\/wp\/v2\/media\/790"}],"wp:attachment":[{"href":"https:\/\/rapidshopp.com\/rapidshopp1\/wp-json\/wp\/v2\/media?parent=791"}],"wp:term":[{"taxonomy":"product_brand","embeddable":true,"href":"https:\/\/rapidshopp.com\/rapidshopp1\/wp-json\/wp\/v2\/product_brand?post=791"},{"taxonomy":"product_cat","embeddable":true,"href":"https:\/\/rapidshopp.com\/rapidshopp1\/wp-json\/wp\/v2\/product_cat?post=791"},{"taxonomy":"product_tag","embeddable":true,"href":"https:\/\/rapidshopp.com\/rapidshopp1\/wp-json\/wp\/v2\/product_tag?post=791"}],"curies":[{"name":"wp","href":"https:\/\/api.w.org\/{rel}","templated":true}]}}